{"id":124,"date":"2018-05-03T12:07:18","date_gmt":"2018-05-03T12:07:18","guid":{"rendered":"http:\/\/shop.alltab.se\/?post_type=product&#038;p=124"},"modified":"2025-07-09T17:15:27","modified_gmt":"2025-07-09T17:15:27","slug":"snabbanslutning-6-x-3-8-rak-utv-gg-oem","status":"publish","type":"product","link":"https:\/\/alltab.se\/shop\/produkt\/snabbanslutning-6-x-3-8-rak-utv-gg-oem\/","title":{"rendered":"Snabbanslutning 6 x 3\/8&#8243; Rak Utv GG OEM"},"content":{"rendered":"","protected":false},"excerpt":{"rendered":"<p>Passar ihop med Adapter inst x inv gga 3\/8-3\/8, k\u00f6p \u00e4ven till Reducering Studs x hona 6x4mm, s\u00e5 har du en komplett \u00f6verg\u00e5ng fr\u00e5n h\u00e5rd 3\/8&#8243; slang till 4mm slang<\/p>\n","protected":false},"featured_media":264,"comment_status":"open","ping_status":"closed","template":"","meta":[],"product_brand":[],"product_cat":[24],"product_tag":[],"class_list":{"0":"post-124","1":"product","2":"type-product","3":"status-publish","4":"has-post-thumbnail","6":"product_cat-kopplingar","7":"product_shipping_class-porto","9":"first","10":"outofstock","11":"taxable","12":"shipping-taxable","13":"purchasable","14":"product-type-simple"},"jetpack_sharing_enabled":true,"_links":{"self":[{"href":"https:\/\/alltab.se\/shop\/wp-json\/wp\/v2\/product\/124","targetHints":{"allow":["GET"]}}],"collection":[{"href":"https:\/\/alltab.se\/shop\/wp-json\/wp\/v2\/product"}],"about":[{"href":"https:\/\/alltab.se\/shop\/wp-json\/wp\/v2\/types\/product"}],"replies":[{"embeddable":true,"href":"https:\/\/alltab.se\/shop\/wp-json\/wp\/v2\/comments?post=124"}],"wp:featuredmedia":[{"embeddable":true,"href":"https:\/\/alltab.se\/shop\/wp-json\/wp\/v2\/media\/264"}],"wp:attachment":[{"href":"https:\/\/alltab.se\/shop\/wp-json\/wp\/v2\/media?parent=124"}],"wp:term":[{"taxonomy":"product_brand","embeddable":true,"href":"https:\/\/alltab.se\/shop\/wp-json\/wp\/v2\/product_brand?post=124"},{"taxonomy":"product_cat","embeddable":true,"href":"https:\/\/alltab.se\/shop\/wp-json\/wp\/v2\/product_cat?post=124"},{"taxonomy":"product_tag","embeddable":true,"href":"https:\/\/alltab.se\/shop\/wp-json\/wp\/v2\/product_tag?post=124"}],"curies":[{"name":"wp","href":"https:\/\/api.w.org\/{rel}","templated":true}]}}