{"id":196,"date":"2018-05-04T06:09:44","date_gmt":"2018-05-04T06:09:44","guid":{"rendered":"http:\/\/shop.alltab.se\/?post_type=product&#038;p=145"},"modified":"2023-04-26T18:35:24","modified_gmt":"2023-04-26T18:35:24","slug":"pu-4mm-slang","status":"publish","type":"product","link":"https:\/\/alltab.se\/shop\/produkt\/pu-4mm-slang\/","title":{"rendered":"PU 4mm slang \/meter"},"content":{"rendered":"","protected":false},"excerpt":{"rendered":"<p>Silverf\u00e4rgad \u00d84mm PU-slang, s\u00e4ljes \/meter<\/p>\n","protected":false},"featured_media":273,"comment_status":"open","ping_status":"closed","template":"","meta":[],"product_brand":[],"product_cat":[24],"product_tag":[],"class_list":{"0":"post-196","1":"product","2":"type-product","3":"status-publish","4":"has-post-thumbnail","6":"product_cat-kopplingar","7":"product_shipping_class-porto","9":"first","10":"instock","11":"taxable","12":"shipping-taxable","13":"purchasable","14":"product-type-simple"},"jetpack_sharing_enabled":true,"_links":{"self":[{"href":"https:\/\/alltab.se\/shop\/wp-json\/wp\/v2\/product\/196","targetHints":{"allow":["GET"]}}],"collection":[{"href":"https:\/\/alltab.se\/shop\/wp-json\/wp\/v2\/product"}],"about":[{"href":"https:\/\/alltab.se\/shop\/wp-json\/wp\/v2\/types\/product"}],"replies":[{"embeddable":true,"href":"https:\/\/alltab.se\/shop\/wp-json\/wp\/v2\/comments?post=196"}],"wp:featuredmedia":[{"embeddable":true,"href":"https:\/\/alltab.se\/shop\/wp-json\/wp\/v2\/media\/273"}],"wp:attachment":[{"href":"https:\/\/alltab.se\/shop\/wp-json\/wp\/v2\/media?parent=196"}],"wp:term":[{"taxonomy":"product_brand","embeddable":true,"href":"https:\/\/alltab.se\/shop\/wp-json\/wp\/v2\/product_brand?post=196"},{"taxonomy":"product_cat","embeddable":true,"href":"https:\/\/alltab.se\/shop\/wp-json\/wp\/v2\/product_cat?post=196"},{"taxonomy":"product_tag","embeddable":true,"href":"https:\/\/alltab.se\/shop\/wp-json\/wp\/v2\/product_tag?post=196"}],"curies":[{"name":"wp","href":"https:\/\/api.w.org\/{rel}","templated":true}]}}