{"id":290,"date":"2018-09-18T07:02:24","date_gmt":"2018-09-18T07:02:24","guid":{"rendered":"https:\/\/alltab.se\/shop\/?post_type=product&#038;p=290"},"modified":"2019-06-12T19:19:42","modified_gmt":"2019-06-12T19:19:42","slug":"jg-kopplingskit-med-slang","status":"publish","type":"product","link":"https:\/\/alltab.se\/shop\/produkt\/jg-kopplingskit-med-slang\/","title":{"rendered":"JG-Kopplingskit med slang"},"content":{"rendered":"<p>F\u00f6r dig som anv\u00e4nder JG\u00b4s-system f\u00f6r \u00f6verf\u00f6ring av Co\u00b2<\/p>\n<p>Detta kit \u00e4r f\u00e4rdigt f\u00f6r konvertering fr\u00e5n h\u00e5rdslang 3\/8&#8243; dvs ca 9,5mm till 4mm PU-slang.<\/p>\n<p>Paketet innh\u00e5ller:<\/p>\n<p>1st <a href=\"https:\/\/alltab.se\/shop\/produkt\/adapter-inst-x-inv-gga-3-8-3-8\/\">Adapter inst x inv gga 3\/8-3\/8<\/a><\/p>\n<p>1st <a href=\"https:\/\/alltab.se\/shop\/produkt\/snabbanslutning-6-x-3-8-rak-utv-gg-oem\/\">Snabbanslutning 6 x 3\/8&#8243; Rak Utv GG OEM<\/a><\/p>\n<p>1st <a href=\"https:\/\/alltab.se\/shop\/produkt\/reducering-studs-x-hona-6x4mm\/\">Reducering Studs x hona 6x4mm<\/a><\/p>\n<p>1st <a href=\"https:\/\/alltab.se\/shop\/produkt\/t-koppling-hona-3-8\/\">T-koppling Hona 3\/8<\/a><\/p>\n<p>2m <a href=\"https:\/\/alltab.se\/shop\/produkt\/pu-4mm-slang\/\">PU 4mm slang \/meter<\/a><\/p>\n<p>&nbsp;<\/p>\n","protected":false},"excerpt":{"rendered":"<p>F\u00f6r dig som anv\u00e4nder JG\u00b4s-system f\u00f6r \u00f6verf\u00f6ring av Co\u00b2 Detta kit \u00e4r f\u00e4rdigt f\u00f6r konvertering fr\u00e5n h\u00e5rdslang 3\/8&#8243; dvs ca 9,5mm till 4mm PU-slang. Paketet innh\u00e5ller: 1st Adapter inst x inv gga 3\/8-3\/8 1st Snabbanslutning 6 x 3\/8&#8243; Rak Utv GG OEM 1st Reducering Studs x hona 6x4mm 1st T-koppling Hona 3\/8 2m PU 4mm [&hellip;]<\/p>\n","protected":false},"featured_media":277,"comment_status":"open","ping_status":"closed","template":"","meta":[],"product_brand":[],"product_cat":[24],"product_tag":[],"class_list":{"0":"post-290","1":"product","2":"type-product","3":"status-publish","4":"has-post-thumbnail","6":"product_cat-kopplingar","7":"product_shipping_class-porto","9":"first","10":"instock","11":"taxable","12":"shipping-taxable","13":"purchasable","14":"product-type-simple"},"jetpack_sharing_enabled":true,"_links":{"self":[{"href":"https:\/\/alltab.se\/shop\/wp-json\/wp\/v2\/product\/290","targetHints":{"allow":["GET"]}}],"collection":[{"href":"https:\/\/alltab.se\/shop\/wp-json\/wp\/v2\/product"}],"about":[{"href":"https:\/\/alltab.se\/shop\/wp-json\/wp\/v2\/types\/product"}],"replies":[{"embeddable":true,"href":"https:\/\/alltab.se\/shop\/wp-json\/wp\/v2\/comments?post=290"}],"wp:featuredmedia":[{"embeddable":true,"href":"https:\/\/alltab.se\/shop\/wp-json\/wp\/v2\/media\/277"}],"wp:attachment":[{"href":"https:\/\/alltab.se\/shop\/wp-json\/wp\/v2\/media?parent=290"}],"wp:term":[{"taxonomy":"product_brand","embeddable":true,"href":"https:\/\/alltab.se\/shop\/wp-json\/wp\/v2\/product_brand?post=290"},{"taxonomy":"product_cat","embeddable":true,"href":"https:\/\/alltab.se\/shop\/wp-json\/wp\/v2\/product_cat?post=290"},{"taxonomy":"product_tag","embeddable":true,"href":"https:\/\/alltab.se\/shop\/wp-json\/wp\/v2\/product_tag?post=290"}],"curies":[{"name":"wp","href":"https:\/\/api.w.org\/{rel}","templated":true}]}}