{"id":312,"date":"2019-02-25T07:30:33","date_gmt":"2019-02-25T07:30:33","guid":{"rendered":"https:\/\/alltab.se\/shop\/?post_type=product&#038;p=312"},"modified":"2019-06-12T19:19:41","modified_gmt":"2019-06-12T19:19:41","slug":"strypbackventil","status":"publish","type":"product","link":"https:\/\/alltab.se\/shop\/produkt\/strypbackventil\/","title":{"rendered":"Strypbackventil"},"content":{"rendered":"","protected":false},"excerpt":{"rendered":"<p>F\u00f6r 4mm PU-slang, m5<\/p>\n<p>Strypbackventilen anv\u00e4nds f\u00f6r att f\u00e5 ett kontrollerat l\u00e4ckage n\u00e4r \u00f6let fylls p\u00e5 i flaskan, genom att skruva \u00e5t strypen s\u00e5 minskar utfl\u00f6det av \u00f6vertrycket och fyllningen g\u00e5r l\u00e5ngsammare.<\/p>\n","protected":false},"featured_media":267,"comment_status":"open","ping_status":"closed","template":"","meta":[],"product_brand":[],"product_cat":[24],"product_tag":[],"class_list":{"0":"post-312","1":"product","2":"type-product","3":"status-publish","4":"has-post-thumbnail","6":"product_cat-kopplingar","7":"product_shipping_class-porto","9":"first","10":"instock","11":"taxable","12":"shipping-taxable","13":"purchasable","14":"product-type-simple"},"jetpack_sharing_enabled":true,"_links":{"self":[{"href":"https:\/\/alltab.se\/shop\/wp-json\/wp\/v2\/product\/312","targetHints":{"allow":["GET"]}}],"collection":[{"href":"https:\/\/alltab.se\/shop\/wp-json\/wp\/v2\/product"}],"about":[{"href":"https:\/\/alltab.se\/shop\/wp-json\/wp\/v2\/types\/product"}],"replies":[{"embeddable":true,"href":"https:\/\/alltab.se\/shop\/wp-json\/wp\/v2\/comments?post=312"}],"wp:featuredmedia":[{"embeddable":true,"href":"https:\/\/alltab.se\/shop\/wp-json\/wp\/v2\/media\/267"}],"wp:attachment":[{"href":"https:\/\/alltab.se\/shop\/wp-json\/wp\/v2\/media?parent=312"}],"wp:term":[{"taxonomy":"product_brand","embeddable":true,"href":"https:\/\/alltab.se\/shop\/wp-json\/wp\/v2\/product_brand?post=312"},{"taxonomy":"product_cat","embeddable":true,"href":"https:\/\/alltab.se\/shop\/wp-json\/wp\/v2\/product_cat?post=312"},{"taxonomy":"product_tag","embeddable":true,"href":"https:\/\/alltab.se\/shop\/wp-json\/wp\/v2\/product_tag?post=312"}],"curies":[{"name":"wp","href":"https:\/\/api.w.org\/{rel}","templated":true}]}}